{"id":408,"date":"2021-09-20T18:38:09","date_gmt":"2021-09-20T18:38:09","guid":{"rendered":"http:\/\/purelightingus.com\/product\/barcelona-negro-arenado\/"},"modified":"2022-08-26T16:32:07","modified_gmt":"2022-08-26T16:32:07","slug":"barcelona-negro-arenado","status":"publish","type":"product","link":"https:\/\/lumpure.com\/es\/product\/barcelona-negro-arenado\/","title":{"rendered":"BARCELONA (Negro Arenado)"},"content":{"rendered":"<h3><strong>Caracter\u00edsticas<\/strong><\/h3>\n<ul>\n<li><span style=\"font-weight: 400;\">Categor\u00eda: Luminaria de Techo para interior \/Plaf\u00f3n\u00a0<\/span><\/li>\n<li><span style=\"font-weight: 400;\">Estilo: contempor\u00e1neo\/moderno\u00a0<\/span><\/li>\n<li><span style=\"font-weight: 400;\">L\u00famenes: 3200lm<\/span><\/li>\n<li><span style=\"font-weight: 400;\">Medidas: di\u00e1metro 18\u201c \/ alto 4.3\u201d<\/span><\/li>\n<li><span style=\"font-weight: 400;\">terminaci\u00f3n: Negro mate interior s\u00edmil madera.\u00a0<\/span><\/li>\n<li><span style=\"font-weight: 400;\">Temperatura de color LED : 3000 Kelvin (blanco c\u00e1lido).\u00a0<\/span><\/li>\n<li><span style=\"font-weight: 400;\">CRI: 90<\/span><\/li>\n<li><span style=\"font-weight: 400;\">L\u00e1mpara: LED integrado ,\u00a0 40 Watts\u00a0\u00a0\u00a0<\/span><\/li>\n<li><span style=\"font-weight: 400;\">Input: 120 VAC, 50\/60Hz<\/span><\/li>\n<li><span style=\"font-weight: 400;\">TRIAC Dimmer:\u00a0 100-10%<\/span><\/li>\n<li><span style=\"font-weight: 400;\">Vida Util:\u00a0 50000 Hours<\/span><\/li>\n<li><span style=\"font-weight: 400;\">Construcci\u00f3n:\u00a0 Cuerpo de acero y difusor acr\u00edlico\u00a0<\/span><\/li>\n<li><span style=\"font-weight: 400;\">Driver : incorporado y oculto dentro de la luminaria.\u00a0\u00a0<\/span><\/li>\n<li><span style=\"font-weight: 400;\">Clasificaci\u00f3n de seguridad: certificaci\u00f3n\u00a0 ETL\u00a0<\/span><\/li>\n<li><span style=\"font-weight: 400;\">Garant\u00eda: 3 A\u00f1os.<\/span><\/li>\n<\/ul>\n","protected":false},"excerpt":{"rendered":"<p><span style=\"font-weight: 400;\"><strong>MODELO :\u00a0<\/strong> BARCELONA\u00a0\u00a0<\/span><\/p>\n<p><span style=\"font-weight: 400;\"><strong>ITEM NUMERO:<\/strong>\u00a0 5601-840RC-BK\/WD-3\u00a0\u00a0<\/span><\/p>\n<p><span style=\"font-weight: 400;\"><strong>DESCRIPCI\u00d3N:<\/strong>\u00a0<\/span><span style=\"font-weight: 400;\">Luminaria para aplicar en techo , plaf\u00f3n LED\u00a0 fabricado en acero con dos capas. El borde exterior, construido en aluminio con un acabado negro mate, tiene forma de anillo geom\u00e9trico. , el aro interior est\u00e1 pintado s\u00edmil madera., con un difusor acr\u00edlico, el interior de madera resalta los leds regulables integrados para proporcionar una luz ambiental c\u00e1lida, ideal para cualquier ambiente.<\/span><\/p>\n<p><a class=\"bt-download\" href=\"https:\/\/lumpure.com\/\/wp-content\/uploads\/2022\/08\/BARCELONA-Sandy-Black.pdf\" target=\"_blank\" rel=\"noopener\"><img loading=\"lazy\" decoding=\"async\" class=\"alignnone wp-image-630\" src=\"https:\/\/lumpure.com\/\/wp-content\/uploads\/2022\/03\/descarga.png\" alt=\"\" width=\"24\" height=\"24\" \/>especificaciones<\/a> <a class=\"bt-instructions\" href=\"https:\/\/lumpure.com\/\/wp-content\/uploads\/2022\/08\/BARCELONA-5601-840RC.pdf\" target=\"_blank\" rel=\"noopener\"><img loading=\"lazy\" decoding=\"async\" class=\"alignnone wp-image-630\" src=\"https:\/\/lumpure.com\/\/wp-content\/uploads\/2022\/03\/descarga.png\" alt=\"\" width=\"24\" height=\"24\" \/>instrucciones<\/a><\/p>\n","protected":false},"featured_media":369,"template":"","meta":{"_joinchat":[]},"product_brand":[],"product_cat":[15],"product_tag":[],"class_list":{"0":"post-408","1":"product","2":"type-product","3":"status-publish","4":"has-post-thumbnail","6":"product_cat-uncategorized","8":"first","9":"instock","10":"taxable","11":"shipping-taxable","12":"product-type-simple"},"yoast_head":"<!-- This site is optimized with the Yoast SEO plugin v27.3 - https:\/\/yoast.com\/product\/yoast-seo-wordpress\/ -->\n<title>BARCELONA (Negro Arenado) &#187; Lumpure<\/title>\n<meta name=\"robots\" content=\"index, follow, max-snippet:-1, max-image-preview:large, max-video-preview:-1\" \/>\n<link rel=\"canonical\" href=\"https:\/\/lumpure.com\/es\/product\/barcelona-negro-arenado\/\" \/>\n<meta property=\"og:locale\" content=\"es_ES\" \/>\n<meta property=\"og:type\" content=\"article\" \/>\n<meta property=\"og:title\" content=\"BARCELONA (Negro Arenado) &#187; Lumpure\" \/>\n<meta property=\"og:description\" content=\"MODELO :\u00a0 BARCELONA\u00a0\u00a0  ITEM NUMERO:\u00a0 5601-840RC-BK\/WD-3\u00a0\u00a0  DESCRIPCI\u00d3N:\u00a0Luminaria para aplicar en techo , plaf\u00f3n LED\u00a0 fabricado en acero con dos capas. El borde exterior, construido en aluminio con un acabado negro mate, tiene forma de anillo geom\u00e9trico. , el aro interior est\u00e1 pintado s\u00edmil madera., con un difusor acr\u00edlico, el interior de madera resalta los leds regulables integrados para proporcionar una luz ambiental c\u00e1lida, ideal para cualquier ambiente.  especificaciones instrucciones\" \/>\n<meta property=\"og:url\" content=\"https:\/\/lumpure.com\/es\/product\/barcelona-negro-arenado\/\" \/>\n<meta property=\"og:site_name\" content=\"Lumpure\" \/>\n<meta property=\"article:modified_time\" content=\"2022-08-26T16:32:07+00:00\" \/>\n<meta property=\"og:image\" content=\"https:\/\/lumpure.com\/wp-content\/uploads\/2021\/09\/barcelona-sandy-black-wood-grain.jpg\" \/>\n\t<meta property=\"og:image:width\" content=\"2000\" \/>\n\t<meta property=\"og:image:height\" content=\"2000\" \/>\n\t<meta property=\"og:image:type\" content=\"image\/jpeg\" \/>\n<meta name=\"twitter:card\" content=\"summary_large_image\" \/>\n<script type=\"application\/ld+json\" class=\"yoast-schema-graph\">{\"@context\":\"https:\\\/\\\/schema.org\",\"@graph\":[{\"@type\":\"WebPage\",\"@id\":\"https:\\\/\\\/lumpure.com\\\/es\\\/product\\\/barcelona-negro-arenado\\\/\",\"url\":\"https:\\\/\\\/lumpure.com\\\/es\\\/product\\\/barcelona-negro-arenado\\\/\",\"name\":\"BARCELONA (Negro Arenado) &#187; Lumpure\",\"isPartOf\":{\"@id\":\"https:\\\/\\\/lumpure.com\\\/#website\"},\"primaryImageOfPage\":{\"@id\":\"https:\\\/\\\/lumpure.com\\\/es\\\/product\\\/barcelona-negro-arenado\\\/#primaryimage\"},\"image\":{\"@id\":\"https:\\\/\\\/lumpure.com\\\/es\\\/product\\\/barcelona-negro-arenado\\\/#primaryimage\"},\"thumbnailUrl\":\"https:\\\/\\\/lumpure.com\\\/wp-content\\\/uploads\\\/2021\\\/09\\\/barcelona-sandy-black-wood-grain.jpg\",\"datePublished\":\"2021-09-20T18:38:09+00:00\",\"dateModified\":\"2022-08-26T16:32:07+00:00\",\"breadcrumb\":{\"@id\":\"https:\\\/\\\/lumpure.com\\\/es\\\/product\\\/barcelona-negro-arenado\\\/#breadcrumb\"},\"inLanguage\":\"es\",\"potentialAction\":[{\"@type\":\"ReadAction\",\"target\":[\"https:\\\/\\\/lumpure.com\\\/es\\\/product\\\/barcelona-negro-arenado\\\/\"]}]},{\"@type\":\"ImageObject\",\"inLanguage\":\"es\",\"@id\":\"https:\\\/\\\/lumpure.com\\\/es\\\/product\\\/barcelona-negro-arenado\\\/#primaryimage\",\"url\":\"https:\\\/\\\/lumpure.com\\\/wp-content\\\/uploads\\\/2021\\\/09\\\/barcelona-sandy-black-wood-grain.jpg\",\"contentUrl\":\"https:\\\/\\\/lumpure.com\\\/wp-content\\\/uploads\\\/2021\\\/09\\\/barcelona-sandy-black-wood-grain.jpg\",\"width\":2000,\"height\":2000},{\"@type\":\"BreadcrumbList\",\"@id\":\"https:\\\/\\\/lumpure.com\\\/es\\\/product\\\/barcelona-negro-arenado\\\/#breadcrumb\",\"itemListElement\":[{\"@type\":\"ListItem\",\"position\":1,\"name\":\"Home\",\"item\":\"https:\\\/\\\/lumpure.com\\\/es\\\/\"},{\"@type\":\"ListItem\",\"position\":2,\"name\":\"Tienda\",\"item\":\"https:\\\/\\\/lumpure.com\\\/es\\\/tienda\\\/\"},{\"@type\":\"ListItem\",\"position\":3,\"name\":\"BARCELONA (Negro Arenado)\"}]},{\"@type\":\"WebSite\",\"@id\":\"https:\\\/\\\/lumpure.com\\\/#website\",\"url\":\"https:\\\/\\\/lumpure.com\\\/\",\"name\":\"Lumpure\",\"description\":\"CONTEMPORARY LIGHTING PRODUCTS\",\"potentialAction\":[{\"@type\":\"SearchAction\",\"target\":{\"@type\":\"EntryPoint\",\"urlTemplate\":\"https:\\\/\\\/lumpure.com\\\/?s={search_term_string}\"},\"query-input\":{\"@type\":\"PropertyValueSpecification\",\"valueRequired\":true,\"valueName\":\"search_term_string\"}}],\"inLanguage\":\"es\"}]}<\/script>\n<!-- \/ Yoast SEO plugin. -->","yoast_head_json":{"title":"BARCELONA (Negro Arenado) &#187; Lumpure","robots":{"index":"index","follow":"follow","max-snippet":"max-snippet:-1","max-image-preview":"max-image-preview:large","max-video-preview":"max-video-preview:-1"},"canonical":"https:\/\/lumpure.com\/es\/product\/barcelona-negro-arenado\/","og_locale":"es_ES","og_type":"article","og_title":"BARCELONA (Negro Arenado) &#187; Lumpure","og_description":"MODELO :\u00a0 BARCELONA\u00a0\u00a0  ITEM NUMERO:\u00a0 5601-840RC-BK\/WD-3\u00a0\u00a0  DESCRIPCI\u00d3N:\u00a0Luminaria para aplicar en techo , plaf\u00f3n LED\u00a0 fabricado en acero con dos capas. El borde exterior, construido en aluminio con un acabado negro mate, tiene forma de anillo geom\u00e9trico. , el aro interior est\u00e1 pintado s\u00edmil madera., con un difusor acr\u00edlico, el interior de madera resalta los leds regulables integrados para proporcionar una luz ambiental c\u00e1lida, ideal para cualquier ambiente.  especificaciones instrucciones","og_url":"https:\/\/lumpure.com\/es\/product\/barcelona-negro-arenado\/","og_site_name":"Lumpure","article_modified_time":"2022-08-26T16:32:07+00:00","og_image":[{"width":2000,"height":2000,"url":"https:\/\/lumpure.com\/wp-content\/uploads\/2021\/09\/barcelona-sandy-black-wood-grain.jpg","type":"image\/jpeg"}],"twitter_card":"summary_large_image","schema":{"@context":"https:\/\/schema.org","@graph":[{"@type":"WebPage","@id":"https:\/\/lumpure.com\/es\/product\/barcelona-negro-arenado\/","url":"https:\/\/lumpure.com\/es\/product\/barcelona-negro-arenado\/","name":"BARCELONA (Negro Arenado) &#187; Lumpure","isPartOf":{"@id":"https:\/\/lumpure.com\/#website"},"primaryImageOfPage":{"@id":"https:\/\/lumpure.com\/es\/product\/barcelona-negro-arenado\/#primaryimage"},"image":{"@id":"https:\/\/lumpure.com\/es\/product\/barcelona-negro-arenado\/#primaryimage"},"thumbnailUrl":"https:\/\/lumpure.com\/wp-content\/uploads\/2021\/09\/barcelona-sandy-black-wood-grain.jpg","datePublished":"2021-09-20T18:38:09+00:00","dateModified":"2022-08-26T16:32:07+00:00","breadcrumb":{"@id":"https:\/\/lumpure.com\/es\/product\/barcelona-negro-arenado\/#breadcrumb"},"inLanguage":"es","potentialAction":[{"@type":"ReadAction","target":["https:\/\/lumpure.com\/es\/product\/barcelona-negro-arenado\/"]}]},{"@type":"ImageObject","inLanguage":"es","@id":"https:\/\/lumpure.com\/es\/product\/barcelona-negro-arenado\/#primaryimage","url":"https:\/\/lumpure.com\/wp-content\/uploads\/2021\/09\/barcelona-sandy-black-wood-grain.jpg","contentUrl":"https:\/\/lumpure.com\/wp-content\/uploads\/2021\/09\/barcelona-sandy-black-wood-grain.jpg","width":2000,"height":2000},{"@type":"BreadcrumbList","@id":"https:\/\/lumpure.com\/es\/product\/barcelona-negro-arenado\/#breadcrumb","itemListElement":[{"@type":"ListItem","position":1,"name":"Home","item":"https:\/\/lumpure.com\/es\/"},{"@type":"ListItem","position":2,"name":"Tienda","item":"https:\/\/lumpure.com\/es\/tienda\/"},{"@type":"ListItem","position":3,"name":"BARCELONA (Negro Arenado)"}]},{"@type":"WebSite","@id":"https:\/\/lumpure.com\/#website","url":"https:\/\/lumpure.com\/","name":"Lumpure","description":"CONTEMPORARY LIGHTING PRODUCTS","potentialAction":[{"@type":"SearchAction","target":{"@type":"EntryPoint","urlTemplate":"https:\/\/lumpure.com\/?s={search_term_string}"},"query-input":{"@type":"PropertyValueSpecification","valueRequired":true,"valueName":"search_term_string"}}],"inLanguage":"es"}]}},"_links":{"self":[{"href":"https:\/\/lumpure.com\/es\/wp-json\/wp\/v2\/product\/408","targetHints":{"allow":["GET"]}}],"collection":[{"href":"https:\/\/lumpure.com\/es\/wp-json\/wp\/v2\/product"}],"about":[{"href":"https:\/\/lumpure.com\/es\/wp-json\/wp\/v2\/types\/product"}],"wp:featuredmedia":[{"embeddable":true,"href":"https:\/\/lumpure.com\/es\/wp-json\/wp\/v2\/media\/369"}],"wp:attachment":[{"href":"https:\/\/lumpure.com\/es\/wp-json\/wp\/v2\/media?parent=408"}],"wp:term":[{"taxonomy":"product_brand","embeddable":true,"href":"https:\/\/lumpure.com\/es\/wp-json\/wp\/v2\/product_brand?post=408"},{"taxonomy":"product_cat","embeddable":true,"href":"https:\/\/lumpure.com\/es\/wp-json\/wp\/v2\/product_cat?post=408"},{"taxonomy":"product_tag","embeddable":true,"href":"https:\/\/lumpure.com\/es\/wp-json\/wp\/v2\/product_tag?post=408"}],"curies":[{"name":"wp","href":"https:\/\/api.w.org\/{rel}","templated":true}]}}