{"id":414,"date":"2021-09-20T18:15:41","date_gmt":"2021-09-20T18:15:41","guid":{"rendered":"http:\/\/purelightingus.com\/product\/florida-1-aluminio-cepillado\/"},"modified":"2022-08-26T16:37:22","modified_gmt":"2022-08-26T16:37:22","slug":"florida-1-aluminio-cepillado","status":"publish","type":"product","link":"https:\/\/lumpure.com\/es\/product\/florida-1-aluminio-cepillado\/","title":{"rendered":"FLORIDA 1 (Aluminio Cepillado)"},"content":{"rendered":"<h3><strong>Caracter\u00edsticas<\/strong><\/h3>\n<ul>\n<li><span style=\"font-weight: 400;\">Categor\u00eda: Luminaria de Techo para interior \/Plaf\u00f3n\u00a0<\/span><\/li>\n<li><span style=\"font-weight: 400;\">Estilo: contempor\u00e1neo\/moderno \/Minimalista<\/span><\/li>\n<li><span style=\"font-weight: 400;\">L\u00famenes: 3800lm<\/span><\/li>\n<li><span style=\"font-weight: 400;\">Medidas: di\u00e1metro 26\u201c \/ alto de perfil 2,36\u201d<\/span><\/li>\n<li><span style=\"font-weight: 400;\">Terminaci\u00f3n: Gris plata cepillado\u00a0\u00a0<\/span><\/li>\n<li><span style=\"font-weight: 400;\">Temperatura de color LED : 3000 Kelvin (blanco c\u00e1lido).\u00a0<\/span><\/li>\n<li><span style=\"font-weight: 400;\">CRI: 90<\/span><\/li>\n<li><span style=\"font-weight: 400;\">Fuente de luz:\u00a0 Integrated LED ,\u00a0 48 Watts\u00a0\u00a0\u00a0<\/span><\/li>\n<li><span style=\"font-weight: 400;\">Input: 120 VAC, 50\/60Hz<\/span><\/li>\n<li><span style=\"font-weight: 400;\">TRIAC Dimmer:\u00a0 100-10%<\/span><\/li>\n<li><span style=\"font-weight: 400;\">Vida Util:\u00a0 50000 Hours<\/span><\/li>\n<li><span style=\"font-weight: 400;\">Construcci\u00f3n:\u00a0 Cuerpo de Aluminio\u00a0 con difusor acr\u00edlico.\u00a0<\/span><\/li>\n<li><span style=\"font-weight: 400;\">Driver : incorporado y oculto dentro de la base.\u00a0\u00a0<\/span><\/li>\n<li><span style=\"font-weight: 400;\">Clasificaci\u00f3n de seguridad: certificaci\u00f3n\u00a0 ETL\u00a0<\/span><\/li>\n<li><span style=\"font-weight: 400;\">Garant\u00eda: 3 A\u00f1os.<\/span><\/li>\n<\/ul>\n","protected":false},"excerpt":{"rendered":"<p><span style=\"font-weight: 400;\"><strong>MODELO :<\/strong> FLORIDA 1<\/span><\/p>\n<p><span style=\"font-weight: 400;\"><strong>ITEM NUMERO:<\/strong> 5355-848RC-SIL-3<\/span><\/p>\n<p><span style=\"font-weight: 400;\"><strong>DESCRIPCION:<\/strong> Luminaria LED de techo , Plaf\u00f3n de aplicar acabado en Gris plata cepillado, cuerpo de aluminio con una emisi\u00f3n de luz difusa desde el aro interior acr\u00edlico. Nuevo dise\u00f1o que combina formas geom\u00e9tricas y logra un tri\u00e1ngulo redondeado con un estilo minimalista y l\u00edneas suaves. Posee LED regulables\u00a0 integrados.<\/span><\/p>\n<p><a class=\"bt-download\" href=\"https:\/\/lumpure.com\/\/wp-content\/uploads\/2022\/08\/FLORIDA-1-Brush-Silver-1.pdf\" target=\"_blank\" rel=\"noopener\"><img loading=\"lazy\" decoding=\"async\" class=\"alignnone wp-image-630\" src=\"https:\/\/lumpure.com\/\/wp-content\/uploads\/2022\/03\/descarga.png\" alt=\"\" width=\"24\" height=\"24\" \/>especificaciones<\/a> <a class=\"bt-instructions\" href=\"https:\/\/lumpure.com\/\/wp-content\/uploads\/2022\/08\/FLORIDA1-5355-848RC.pdf\" target=\"_blank\" rel=\"noopener\"><img loading=\"lazy\" decoding=\"async\" class=\"alignnone wp-image-630\" src=\"https:\/\/lumpure.com\/\/wp-content\/uploads\/2022\/03\/descarga.png\" alt=\"\" width=\"24\" height=\"24\" \/>instrucciones<\/a><\/p>\n","protected":false},"featured_media":415,"template":"","meta":{"_joinchat":[]},"product_brand":[],"product_cat":[15],"product_tag":[],"class_list":{"0":"post-414","1":"product","2":"type-product","3":"status-publish","4":"has-post-thumbnail","6":"product_cat-uncategorized","8":"first","9":"instock","10":"taxable","11":"shipping-taxable","12":"product-type-simple"},"yoast_head":"<!-- This site is optimized with the Yoast SEO plugin v27.3 - https:\/\/yoast.com\/product\/yoast-seo-wordpress\/ -->\n<title>FLORIDA 1 (Aluminio Cepillado) &#187; Lumpure<\/title>\n<meta name=\"robots\" content=\"index, follow, max-snippet:-1, max-image-preview:large, max-video-preview:-1\" \/>\n<link rel=\"canonical\" href=\"https:\/\/lumpure.com\/es\/product\/florida-1-aluminio-cepillado\/\" \/>\n<meta property=\"og:locale\" content=\"es_ES\" \/>\n<meta property=\"og:type\" content=\"article\" \/>\n<meta property=\"og:title\" content=\"FLORIDA 1 (Aluminio Cepillado) &#187; Lumpure\" \/>\n<meta property=\"og:description\" content=\"MODELO : FLORIDA 1  ITEM NUMERO: 5355-848RC-SIL-3  DESCRIPCION: Luminaria LED de techo , Plaf\u00f3n de aplicar acabado en Gris plata cepillado, cuerpo de aluminio con una emisi\u00f3n de luz difusa desde el aro interior acr\u00edlico. Nuevo dise\u00f1o que combina formas geom\u00e9tricas y logra un tri\u00e1ngulo redondeado con un estilo minimalista y l\u00edneas suaves. Posee LED regulables\u00a0 integrados.  especificaciones instrucciones\" \/>\n<meta property=\"og:url\" content=\"https:\/\/lumpure.com\/es\/product\/florida-1-aluminio-cepillado\/\" \/>\n<meta property=\"og:site_name\" content=\"Lumpure\" \/>\n<meta property=\"article:modified_time\" content=\"2022-08-26T16:37:22+00:00\" \/>\n<meta property=\"og:image\" content=\"https:\/\/lumpure.com\/wp-content\/uploads\/2021\/09\/florida-1-brush-silver.jpg\" \/>\n\t<meta property=\"og:image:width\" content=\"1200\" \/>\n\t<meta property=\"og:image:height\" content=\"1200\" \/>\n\t<meta property=\"og:image:type\" content=\"image\/jpeg\" \/>\n<meta name=\"twitter:card\" content=\"summary_large_image\" \/>\n<script type=\"application\/ld+json\" class=\"yoast-schema-graph\">{\"@context\":\"https:\\\/\\\/schema.org\",\"@graph\":[{\"@type\":\"WebPage\",\"@id\":\"https:\\\/\\\/lumpure.com\\\/es\\\/product\\\/florida-1-aluminio-cepillado\\\/\",\"url\":\"https:\\\/\\\/lumpure.com\\\/es\\\/product\\\/florida-1-aluminio-cepillado\\\/\",\"name\":\"FLORIDA 1 (Aluminio Cepillado) &#187; Lumpure\",\"isPartOf\":{\"@id\":\"https:\\\/\\\/lumpure.com\\\/#website\"},\"primaryImageOfPage\":{\"@id\":\"https:\\\/\\\/lumpure.com\\\/es\\\/product\\\/florida-1-aluminio-cepillado\\\/#primaryimage\"},\"image\":{\"@id\":\"https:\\\/\\\/lumpure.com\\\/es\\\/product\\\/florida-1-aluminio-cepillado\\\/#primaryimage\"},\"thumbnailUrl\":\"https:\\\/\\\/lumpure.com\\\/wp-content\\\/uploads\\\/2021\\\/09\\\/florida-1-brush-silver.jpg\",\"datePublished\":\"2021-09-20T18:15:41+00:00\",\"dateModified\":\"2022-08-26T16:37:22+00:00\",\"breadcrumb\":{\"@id\":\"https:\\\/\\\/lumpure.com\\\/es\\\/product\\\/florida-1-aluminio-cepillado\\\/#breadcrumb\"},\"inLanguage\":\"es\",\"potentialAction\":[{\"@type\":\"ReadAction\",\"target\":[\"https:\\\/\\\/lumpure.com\\\/es\\\/product\\\/florida-1-aluminio-cepillado\\\/\"]}]},{\"@type\":\"ImageObject\",\"inLanguage\":\"es\",\"@id\":\"https:\\\/\\\/lumpure.com\\\/es\\\/product\\\/florida-1-aluminio-cepillado\\\/#primaryimage\",\"url\":\"https:\\\/\\\/lumpure.com\\\/wp-content\\\/uploads\\\/2021\\\/09\\\/florida-1-brush-silver.jpg\",\"contentUrl\":\"https:\\\/\\\/lumpure.com\\\/wp-content\\\/uploads\\\/2021\\\/09\\\/florida-1-brush-silver.jpg\",\"width\":1200,\"height\":1200},{\"@type\":\"BreadcrumbList\",\"@id\":\"https:\\\/\\\/lumpure.com\\\/es\\\/product\\\/florida-1-aluminio-cepillado\\\/#breadcrumb\",\"itemListElement\":[{\"@type\":\"ListItem\",\"position\":1,\"name\":\"Home\",\"item\":\"https:\\\/\\\/lumpure.com\\\/es\\\/\"},{\"@type\":\"ListItem\",\"position\":2,\"name\":\"Tienda\",\"item\":\"https:\\\/\\\/lumpure.com\\\/es\\\/tienda\\\/\"},{\"@type\":\"ListItem\",\"position\":3,\"name\":\"FLORIDA 1 (Aluminio Cepillado)\"}]},{\"@type\":\"WebSite\",\"@id\":\"https:\\\/\\\/lumpure.com\\\/#website\",\"url\":\"https:\\\/\\\/lumpure.com\\\/\",\"name\":\"Lumpure\",\"description\":\"CONTEMPORARY LIGHTING PRODUCTS\",\"potentialAction\":[{\"@type\":\"SearchAction\",\"target\":{\"@type\":\"EntryPoint\",\"urlTemplate\":\"https:\\\/\\\/lumpure.com\\\/?s={search_term_string}\"},\"query-input\":{\"@type\":\"PropertyValueSpecification\",\"valueRequired\":true,\"valueName\":\"search_term_string\"}}],\"inLanguage\":\"es\"}]}<\/script>\n<!-- \/ Yoast SEO plugin. -->","yoast_head_json":{"title":"FLORIDA 1 (Aluminio Cepillado) &#187; Lumpure","robots":{"index":"index","follow":"follow","max-snippet":"max-snippet:-1","max-image-preview":"max-image-preview:large","max-video-preview":"max-video-preview:-1"},"canonical":"https:\/\/lumpure.com\/es\/product\/florida-1-aluminio-cepillado\/","og_locale":"es_ES","og_type":"article","og_title":"FLORIDA 1 (Aluminio Cepillado) &#187; Lumpure","og_description":"MODELO : FLORIDA 1  ITEM NUMERO: 5355-848RC-SIL-3  DESCRIPCION: Luminaria LED de techo , Plaf\u00f3n de aplicar acabado en Gris plata cepillado, cuerpo de aluminio con una emisi\u00f3n de luz difusa desde el aro interior acr\u00edlico. Nuevo dise\u00f1o que combina formas geom\u00e9tricas y logra un tri\u00e1ngulo redondeado con un estilo minimalista y l\u00edneas suaves. Posee LED regulables\u00a0 integrados.  especificaciones instrucciones","og_url":"https:\/\/lumpure.com\/es\/product\/florida-1-aluminio-cepillado\/","og_site_name":"Lumpure","article_modified_time":"2022-08-26T16:37:22+00:00","og_image":[{"width":1200,"height":1200,"url":"https:\/\/lumpure.com\/wp-content\/uploads\/2021\/09\/florida-1-brush-silver.jpg","type":"image\/jpeg"}],"twitter_card":"summary_large_image","schema":{"@context":"https:\/\/schema.org","@graph":[{"@type":"WebPage","@id":"https:\/\/lumpure.com\/es\/product\/florida-1-aluminio-cepillado\/","url":"https:\/\/lumpure.com\/es\/product\/florida-1-aluminio-cepillado\/","name":"FLORIDA 1 (Aluminio Cepillado) &#187; Lumpure","isPartOf":{"@id":"https:\/\/lumpure.com\/#website"},"primaryImageOfPage":{"@id":"https:\/\/lumpure.com\/es\/product\/florida-1-aluminio-cepillado\/#primaryimage"},"image":{"@id":"https:\/\/lumpure.com\/es\/product\/florida-1-aluminio-cepillado\/#primaryimage"},"thumbnailUrl":"https:\/\/lumpure.com\/wp-content\/uploads\/2021\/09\/florida-1-brush-silver.jpg","datePublished":"2021-09-20T18:15:41+00:00","dateModified":"2022-08-26T16:37:22+00:00","breadcrumb":{"@id":"https:\/\/lumpure.com\/es\/product\/florida-1-aluminio-cepillado\/#breadcrumb"},"inLanguage":"es","potentialAction":[{"@type":"ReadAction","target":["https:\/\/lumpure.com\/es\/product\/florida-1-aluminio-cepillado\/"]}]},{"@type":"ImageObject","inLanguage":"es","@id":"https:\/\/lumpure.com\/es\/product\/florida-1-aluminio-cepillado\/#primaryimage","url":"https:\/\/lumpure.com\/wp-content\/uploads\/2021\/09\/florida-1-brush-silver.jpg","contentUrl":"https:\/\/lumpure.com\/wp-content\/uploads\/2021\/09\/florida-1-brush-silver.jpg","width":1200,"height":1200},{"@type":"BreadcrumbList","@id":"https:\/\/lumpure.com\/es\/product\/florida-1-aluminio-cepillado\/#breadcrumb","itemListElement":[{"@type":"ListItem","position":1,"name":"Home","item":"https:\/\/lumpure.com\/es\/"},{"@type":"ListItem","position":2,"name":"Tienda","item":"https:\/\/lumpure.com\/es\/tienda\/"},{"@type":"ListItem","position":3,"name":"FLORIDA 1 (Aluminio Cepillado)"}]},{"@type":"WebSite","@id":"https:\/\/lumpure.com\/#website","url":"https:\/\/lumpure.com\/","name":"Lumpure","description":"CONTEMPORARY LIGHTING PRODUCTS","potentialAction":[{"@type":"SearchAction","target":{"@type":"EntryPoint","urlTemplate":"https:\/\/lumpure.com\/?s={search_term_string}"},"query-input":{"@type":"PropertyValueSpecification","valueRequired":true,"valueName":"search_term_string"}}],"inLanguage":"es"}]}},"_links":{"self":[{"href":"https:\/\/lumpure.com\/es\/wp-json\/wp\/v2\/product\/414","targetHints":{"allow":["GET"]}}],"collection":[{"href":"https:\/\/lumpure.com\/es\/wp-json\/wp\/v2\/product"}],"about":[{"href":"https:\/\/lumpure.com\/es\/wp-json\/wp\/v2\/types\/product"}],"wp:featuredmedia":[{"embeddable":true,"href":"https:\/\/lumpure.com\/es\/wp-json\/wp\/v2\/media\/415"}],"wp:attachment":[{"href":"https:\/\/lumpure.com\/es\/wp-json\/wp\/v2\/media?parent=414"}],"wp:term":[{"taxonomy":"product_brand","embeddable":true,"href":"https:\/\/lumpure.com\/es\/wp-json\/wp\/v2\/product_brand?post=414"},{"taxonomy":"product_cat","embeddable":true,"href":"https:\/\/lumpure.com\/es\/wp-json\/wp\/v2\/product_cat?post=414"},{"taxonomy":"product_tag","embeddable":true,"href":"https:\/\/lumpure.com\/es\/wp-json\/wp\/v2\/product_tag?post=414"}],"curies":[{"name":"wp","href":"https:\/\/api.w.org\/{rel}","templated":true}]}}