{"id":430,"date":"2021-09-20T16:39:10","date_gmt":"2021-09-20T16:39:10","guid":{"rendered":"http:\/\/purelightingus.com\/product\/tokio-cafe-cepillado\/"},"modified":"2022-08-26T16:54:43","modified_gmt":"2022-08-26T16:54:43","slug":"tokio-cafe-cepillado","status":"publish","type":"product","link":"https:\/\/lumpure.com\/es\/product\/tokio-cafe-cepillado\/","title":{"rendered":"TOKIO (Caf\u00e9 Cepillado)"},"content":{"rendered":"<h3><strong>Caracter\u00edsticas<\/strong><\/h3>\n<ul>\n<li><span style=\"font-weight: 400;\">Categor\u00eda: Iluminaci\u00f3n de Techo para interior \/Colgante\u00a0<\/span><\/li>\n<li><span style=\"font-weight: 400;\">Estilo: contempor\u00e1neo\/moderno\/minimalista\u00a0<\/span><\/li>\n<li><span style=\"font-weight: 400;\">L\u00famenes: 2800lm<\/span><\/li>\n<li><span style=\"font-weight: 400;\">Medidas: di\u00e1metro 24\u201c\/ alto del cuerpo 2\u201d\/ Longitud del cable tensor: 118\u201d<\/span><\/li>\n<li><span style=\"font-weight: 400;\">Terminaci\u00f3n: color Marr\u00f3n tipo Caoba Pulido y base en color blanco mate(flor\u00f3n).\u00a0\u00a0\u00a0\u00a0\u00a0<\/span><\/li>\n<li><span style=\"font-weight: 400;\">Color de temperatura LED: 3000 Kelvin (Blanco c\u00e1lido).\u00a0<\/span><\/li>\n<li><span style=\"font-weight: 400;\">CRI: 90<\/span><\/li>\n<li><span style=\"font-weight: 400;\">Fuente de Luz:\u00a0 plaqueta LED integrada ,\u00a0 luz hacia abajo 30 Watts\/ luz hacia arriba: 30 Watts.<\/span><\/li>\n<li><span style=\"font-weight: 400;\">Entrada: 120 VAC, 50\/60Hz<\/span><\/li>\n<li><span style=\"font-weight: 400;\">TRIAC Dimmer:\u00a0 100-10%<\/span><\/li>\n<li><span style=\"font-weight: 400;\">Vida \u00datil:\u00a0 50000 Hours<\/span><\/li>\n<li><span style=\"font-weight: 400;\">Construcci\u00f3n: cuerpo de aluminio, base de hierro y difusor de silicona.\u00a0\u00a0<\/span><\/li>\n<li><span style=\"font-weight: 400;\">Driver : incorporado y oculto dentro de la luminaria.\u00a0\u00a0<\/span><\/li>\n<li><span style=\"font-weight: 400;\">Clasificaci\u00f3n de seguridad: certificaci\u00f3n\u00a0 ETL\u00a0<\/span><\/li>\n<li><span style=\"font-weight: 400;\">Garant\u00eda: 3 A\u00f1os. <\/span><\/li>\n<\/ul>\n","protected":false},"excerpt":{"rendered":"<p><span style=\"font-weight: 400;\"><strong>MODEL :<\/strong> TOKIO\u00a0<\/span><\/p>\n<p><span style=\"font-weight: 400;\"><strong>ITEM N\u00b0:<\/strong>\u00a0 5373-840RC-BRG-3\u00a0<\/span><\/p>\n<p><span style=\"font-weight: 400;\"><strong>DESCRIPCION:\u00a0<\/strong> Luminaria colgante LED circular\u00a0 ,\u00a0 perfil de aluminio con una terminaci\u00f3n marr\u00f3n tipo caoba pulido y base de aluminio color en blanco mate.\u00a0 El perfil circular suspendido emite una\u00a0 luz suave hacia abajo desde el difusor de silicona perimetral y al mismo tiempo dentro de la extrusi\u00f3n de aluminio hay un conjunto secundario de luces LED regulables que env\u00edan la iluminaci\u00f3n ambiental hacia el techo. Usando un contorno en forma de C, la serie Tokyo crea un efecto \u00fanico. <\/span><\/p>\n<p><a class=\"bt-download\" href=\"https:\/\/lumpure.com\/\/wp-content\/uploads\/2022\/08\/TOKIO-Brush-Rose-Gold.pdf\" target=\"_blank\" rel=\"noopener\"><img loading=\"lazy\" decoding=\"async\" class=\"alignnone wp-image-630\" src=\"https:\/\/lumpure.com\/\/wp-content\/uploads\/2022\/03\/descarga.png\" alt=\"\" width=\"24\" height=\"24\" \/>especificaciones<\/a> <a class=\"bt-instructions\" href=\"https:\/\/lumpure.com\/\/wp-content\/uploads\/2022\/08\/TOKIO-ITEM-5373-860RP.pdf\" target=\"_blank\" rel=\"noopener\"><img loading=\"lazy\" decoding=\"async\" class=\"alignnone wp-image-630\" src=\"https:\/\/lumpure.com\/\/wp-content\/uploads\/2022\/03\/descarga.png\" alt=\"\" width=\"24\" height=\"24\" \/>instrucciones<\/a><\/p>\n","protected":false},"featured_media":434,"template":"","meta":{"_joinchat":[]},"product_brand":[],"product_cat":[15],"product_tag":[],"class_list":{"0":"post-430","1":"product","2":"type-product","3":"status-publish","4":"has-post-thumbnail","6":"product_cat-uncategorized","8":"first","9":"instock","10":"taxable","11":"shipping-taxable","12":"product-type-simple"},"yoast_head":"<!-- This site is optimized with the Yoast SEO plugin v27.3 - https:\/\/yoast.com\/product\/yoast-seo-wordpress\/ -->\n<title>TOKIO (Caf\u00e9 Cepillado) &#187; Lumpure<\/title>\n<meta name=\"robots\" content=\"index, follow, max-snippet:-1, max-image-preview:large, max-video-preview:-1\" \/>\n<link rel=\"canonical\" href=\"https:\/\/lumpure.com\/es\/product\/tokio-cafe-cepillado\/\" \/>\n<meta property=\"og:locale\" content=\"es_ES\" \/>\n<meta property=\"og:type\" content=\"article\" \/>\n<meta property=\"og:title\" content=\"TOKIO (Caf\u00e9 Cepillado) &#187; Lumpure\" \/>\n<meta property=\"og:description\" content=\"MODEL : TOKIO\u00a0  ITEM N\u00b0:\u00a0 5373-840RC-BRG-3\u00a0  DESCRIPCION:\u00a0 Luminaria colgante LED circular\u00a0 ,\u00a0 perfil de aluminio con una terminaci\u00f3n marr\u00f3n tipo caoba pulido y base de aluminio color en blanco mate.\u00a0 El perfil circular suspendido emite una\u00a0 luz suave hacia abajo desde el difusor de silicona perimetral y al mismo tiempo dentro de la extrusi\u00f3n de aluminio hay un conjunto secundario de luces LED regulables que env\u00edan la iluminaci\u00f3n ambiental hacia el techo. Usando un contorno en forma de C, la serie Tokyo crea un efecto \u00fanico.   especificaciones instrucciones\" \/>\n<meta property=\"og:url\" content=\"https:\/\/lumpure.com\/es\/product\/tokio-cafe-cepillado\/\" \/>\n<meta property=\"og:site_name\" content=\"Lumpure\" \/>\n<meta property=\"article:modified_time\" content=\"2022-08-26T16:54:43+00:00\" \/>\n<meta property=\"og:image\" content=\"https:\/\/lumpure.com\/wp-content\/uploads\/2021\/09\/tokio-brush-rose-gold-.jpg\" \/>\n\t<meta property=\"og:image:width\" content=\"1200\" \/>\n\t<meta property=\"og:image:height\" content=\"1200\" \/>\n\t<meta property=\"og:image:type\" content=\"image\/jpeg\" \/>\n<meta name=\"twitter:card\" content=\"summary_large_image\" \/>\n<meta name=\"twitter:label1\" content=\"Tiempo de lectura\" \/>\n\t<meta name=\"twitter:data1\" content=\"1 minuto\" \/>\n<script type=\"application\/ld+json\" class=\"yoast-schema-graph\">{\"@context\":\"https:\\\/\\\/schema.org\",\"@graph\":[{\"@type\":\"WebPage\",\"@id\":\"https:\\\/\\\/lumpure.com\\\/es\\\/product\\\/tokio-cafe-cepillado\\\/\",\"url\":\"https:\\\/\\\/lumpure.com\\\/es\\\/product\\\/tokio-cafe-cepillado\\\/\",\"name\":\"TOKIO (Caf\u00e9 Cepillado) &#187; Lumpure\",\"isPartOf\":{\"@id\":\"https:\\\/\\\/lumpure.com\\\/#website\"},\"primaryImageOfPage\":{\"@id\":\"https:\\\/\\\/lumpure.com\\\/es\\\/product\\\/tokio-cafe-cepillado\\\/#primaryimage\"},\"image\":{\"@id\":\"https:\\\/\\\/lumpure.com\\\/es\\\/product\\\/tokio-cafe-cepillado\\\/#primaryimage\"},\"thumbnailUrl\":\"https:\\\/\\\/lumpure.com\\\/wp-content\\\/uploads\\\/2021\\\/09\\\/tokio-brush-rose-gold-.jpg\",\"datePublished\":\"2021-09-20T16:39:10+00:00\",\"dateModified\":\"2022-08-26T16:54:43+00:00\",\"breadcrumb\":{\"@id\":\"https:\\\/\\\/lumpure.com\\\/es\\\/product\\\/tokio-cafe-cepillado\\\/#breadcrumb\"},\"inLanguage\":\"es\",\"potentialAction\":[{\"@type\":\"ReadAction\",\"target\":[\"https:\\\/\\\/lumpure.com\\\/es\\\/product\\\/tokio-cafe-cepillado\\\/\"]}]},{\"@type\":\"ImageObject\",\"inLanguage\":\"es\",\"@id\":\"https:\\\/\\\/lumpure.com\\\/es\\\/product\\\/tokio-cafe-cepillado\\\/#primaryimage\",\"url\":\"https:\\\/\\\/lumpure.com\\\/wp-content\\\/uploads\\\/2021\\\/09\\\/tokio-brush-rose-gold-.jpg\",\"contentUrl\":\"https:\\\/\\\/lumpure.com\\\/wp-content\\\/uploads\\\/2021\\\/09\\\/tokio-brush-rose-gold-.jpg\",\"width\":1200,\"height\":1200},{\"@type\":\"BreadcrumbList\",\"@id\":\"https:\\\/\\\/lumpure.com\\\/es\\\/product\\\/tokio-cafe-cepillado\\\/#breadcrumb\",\"itemListElement\":[{\"@type\":\"ListItem\",\"position\":1,\"name\":\"Home\",\"item\":\"https:\\\/\\\/lumpure.com\\\/es\\\/\"},{\"@type\":\"ListItem\",\"position\":2,\"name\":\"Tienda\",\"item\":\"https:\\\/\\\/lumpure.com\\\/es\\\/tienda\\\/\"},{\"@type\":\"ListItem\",\"position\":3,\"name\":\"TOKIO (Caf\u00e9 Cepillado)\"}]},{\"@type\":\"WebSite\",\"@id\":\"https:\\\/\\\/lumpure.com\\\/#website\",\"url\":\"https:\\\/\\\/lumpure.com\\\/\",\"name\":\"Lumpure\",\"description\":\"CONTEMPORARY LIGHTING PRODUCTS\",\"potentialAction\":[{\"@type\":\"SearchAction\",\"target\":{\"@type\":\"EntryPoint\",\"urlTemplate\":\"https:\\\/\\\/lumpure.com\\\/?s={search_term_string}\"},\"query-input\":{\"@type\":\"PropertyValueSpecification\",\"valueRequired\":true,\"valueName\":\"search_term_string\"}}],\"inLanguage\":\"es\"}]}<\/script>\n<!-- \/ Yoast SEO plugin. -->","yoast_head_json":{"title":"TOKIO (Caf\u00e9 Cepillado) &#187; Lumpure","robots":{"index":"index","follow":"follow","max-snippet":"max-snippet:-1","max-image-preview":"max-image-preview:large","max-video-preview":"max-video-preview:-1"},"canonical":"https:\/\/lumpure.com\/es\/product\/tokio-cafe-cepillado\/","og_locale":"es_ES","og_type":"article","og_title":"TOKIO (Caf\u00e9 Cepillado) &#187; Lumpure","og_description":"MODEL : TOKIO\u00a0  ITEM N\u00b0:\u00a0 5373-840RC-BRG-3\u00a0  DESCRIPCION:\u00a0 Luminaria colgante LED circular\u00a0 ,\u00a0 perfil de aluminio con una terminaci\u00f3n marr\u00f3n tipo caoba pulido y base de aluminio color en blanco mate.\u00a0 El perfil circular suspendido emite una\u00a0 luz suave hacia abajo desde el difusor de silicona perimetral y al mismo tiempo dentro de la extrusi\u00f3n de aluminio hay un conjunto secundario de luces LED regulables que env\u00edan la iluminaci\u00f3n ambiental hacia el techo. Usando un contorno en forma de C, la serie Tokyo crea un efecto \u00fanico.   especificaciones instrucciones","og_url":"https:\/\/lumpure.com\/es\/product\/tokio-cafe-cepillado\/","og_site_name":"Lumpure","article_modified_time":"2022-08-26T16:54:43+00:00","og_image":[{"width":1200,"height":1200,"url":"https:\/\/lumpure.com\/wp-content\/uploads\/2021\/09\/tokio-brush-rose-gold-.jpg","type":"image\/jpeg"}],"twitter_card":"summary_large_image","twitter_misc":{"Tiempo de lectura":"1 minuto"},"schema":{"@context":"https:\/\/schema.org","@graph":[{"@type":"WebPage","@id":"https:\/\/lumpure.com\/es\/product\/tokio-cafe-cepillado\/","url":"https:\/\/lumpure.com\/es\/product\/tokio-cafe-cepillado\/","name":"TOKIO (Caf\u00e9 Cepillado) &#187; Lumpure","isPartOf":{"@id":"https:\/\/lumpure.com\/#website"},"primaryImageOfPage":{"@id":"https:\/\/lumpure.com\/es\/product\/tokio-cafe-cepillado\/#primaryimage"},"image":{"@id":"https:\/\/lumpure.com\/es\/product\/tokio-cafe-cepillado\/#primaryimage"},"thumbnailUrl":"https:\/\/lumpure.com\/wp-content\/uploads\/2021\/09\/tokio-brush-rose-gold-.jpg","datePublished":"2021-09-20T16:39:10+00:00","dateModified":"2022-08-26T16:54:43+00:00","breadcrumb":{"@id":"https:\/\/lumpure.com\/es\/product\/tokio-cafe-cepillado\/#breadcrumb"},"inLanguage":"es","potentialAction":[{"@type":"ReadAction","target":["https:\/\/lumpure.com\/es\/product\/tokio-cafe-cepillado\/"]}]},{"@type":"ImageObject","inLanguage":"es","@id":"https:\/\/lumpure.com\/es\/product\/tokio-cafe-cepillado\/#primaryimage","url":"https:\/\/lumpure.com\/wp-content\/uploads\/2021\/09\/tokio-brush-rose-gold-.jpg","contentUrl":"https:\/\/lumpure.com\/wp-content\/uploads\/2021\/09\/tokio-brush-rose-gold-.jpg","width":1200,"height":1200},{"@type":"BreadcrumbList","@id":"https:\/\/lumpure.com\/es\/product\/tokio-cafe-cepillado\/#breadcrumb","itemListElement":[{"@type":"ListItem","position":1,"name":"Home","item":"https:\/\/lumpure.com\/es\/"},{"@type":"ListItem","position":2,"name":"Tienda","item":"https:\/\/lumpure.com\/es\/tienda\/"},{"@type":"ListItem","position":3,"name":"TOKIO (Caf\u00e9 Cepillado)"}]},{"@type":"WebSite","@id":"https:\/\/lumpure.com\/#website","url":"https:\/\/lumpure.com\/","name":"Lumpure","description":"CONTEMPORARY LIGHTING PRODUCTS","potentialAction":[{"@type":"SearchAction","target":{"@type":"EntryPoint","urlTemplate":"https:\/\/lumpure.com\/?s={search_term_string}"},"query-input":{"@type":"PropertyValueSpecification","valueRequired":true,"valueName":"search_term_string"}}],"inLanguage":"es"}]}},"_links":{"self":[{"href":"https:\/\/lumpure.com\/es\/wp-json\/wp\/v2\/product\/430","targetHints":{"allow":["GET"]}}],"collection":[{"href":"https:\/\/lumpure.com\/es\/wp-json\/wp\/v2\/product"}],"about":[{"href":"https:\/\/lumpure.com\/es\/wp-json\/wp\/v2\/types\/product"}],"wp:featuredmedia":[{"embeddable":true,"href":"https:\/\/lumpure.com\/es\/wp-json\/wp\/v2\/media\/434"}],"wp:attachment":[{"href":"https:\/\/lumpure.com\/es\/wp-json\/wp\/v2\/media?parent=430"}],"wp:term":[{"taxonomy":"product_brand","embeddable":true,"href":"https:\/\/lumpure.com\/es\/wp-json\/wp\/v2\/product_brand?post=430"},{"taxonomy":"product_cat","embeddable":true,"href":"https:\/\/lumpure.com\/es\/wp-json\/wp\/v2\/product_cat?post=430"},{"taxonomy":"product_tag","embeddable":true,"href":"https:\/\/lumpure.com\/es\/wp-json\/wp\/v2\/product_tag?post=430"}],"curies":[{"name":"wp","href":"https:\/\/api.w.org\/{rel}","templated":true}]}}