{"id":443,"date":"2021-09-20T16:02:20","date_gmt":"2021-09-20T16:02:20","guid":{"rendered":"http:\/\/purelightingus.com\/product\/tokio-blanco-arenado\/"},"modified":"2022-08-26T17:00:44","modified_gmt":"2022-08-26T17:00:44","slug":"tokio-blanco-arenado","status":"publish","type":"product","link":"https:\/\/lumpure.com\/es\/product\/tokio-blanco-arenado\/","title":{"rendered":"TOKIO (Blanco Arenado)"},"content":{"rendered":"<h3><strong>Caracter\u00edsticas<\/strong><\/h3>\n<ul>\n<li><span style=\"font-weight: 400;\">Categor\u00eda: Iluminaci\u00f3n de Techo para interior \/Colgante\u00a0<\/span><\/li>\n<li><span style=\"font-weight: 400;\">Estilo: contempor\u00e1neo\/moderno\/minimalista\u00a0<\/span><\/li>\n<li><span style=\"font-weight: 400;\">L\u00famenes: 2800lm<\/span><\/li>\n<li><span style=\"font-weight: 400;\">Medidas: di\u00e1metro 24\u201c\/ alto del cuerpo 2\u201d\/ Longitud del cable tensor: 118\u201d<\/span><\/li>\n<li><span style=\"font-weight: 400;\">Terminaci\u00f3n: color blanco mate y base en color blanco mate (flor\u00f3n).\u00a0\u00a0\u00a0\u00a0\u00a0<\/span><\/li>\n<li><span style=\"font-weight: 400;\">Color de temperatura LED: 3000 Kelvin (Blanco c\u00e1lido).\u00a0<\/span><\/li>\n<li><span style=\"font-weight: 400;\">CRI: 90<\/span><\/li>\n<li><span style=\"font-weight: 400;\">Fuente de Luz:\u00a0 plaqueta LED integrada ,\u00a0 luz hacia abajo 30 Watts\/ luz hacia arriba: 30 Watts.<\/span><\/li>\n<li><span style=\"font-weight: 400;\">Entrada: 120 VAC, 50\/60Hz<\/span><\/li>\n<li><span style=\"font-weight: 400;\">TRIAC Dimmer:\u00a0 100-10%<\/span><\/li>\n<li><span style=\"font-weight: 400;\">Vida \u00datil:\u00a0 50000 Hours<\/span><\/li>\n<li><span style=\"font-weight: 400;\">Construcci\u00f3n: cuerpo de aluminio, base de hierro y difusor de silicona.\u00a0\u00a0<\/span><\/li>\n<li><span style=\"font-weight: 400;\">Driver : incorporado y oculto dentro de la luminaria.\u00a0\u00a0<\/span><\/li>\n<li><span style=\"font-weight: 400;\">Clasificaci\u00f3n de seguridad: certificaci\u00f3n\u00a0 ETL\u00a0<\/span><\/li>\n<li><span style=\"font-weight: 400;\">Garant\u00eda: 3 A\u00f1os.<\/span><\/li>\n<\/ul>\n","protected":false},"excerpt":{"rendered":"<p><span style=\"font-weight: 400;\"><strong>MODEL :<\/strong> TOKIO\u00a0<\/span><\/p>\n<p><span style=\"font-weight: 400;\"><strong>ITEM N\u00b0:\u00a0<\/strong> 5373-840RC-WH-3\u00a0<\/span><\/p>\n<p><span style=\"font-weight: 400;\"><strong>DESCRIPCION:<\/strong> Luminaria colgante LED circular,\u00a0 perfil de aluminio con una terminaci\u00f3n en Blanco\u00a0 mate y base de aluminio color blanco mate.\u00a0 El perfil circular suspendido emite una\u00a0 luz suave hacia abajo desde el difusor de silicona perimetral y al mismo tiempo dentro de la extrusi\u00f3n de aluminio hay un conjunto secundario de luces LED regulables que env\u00edan la iluminaci\u00f3n ambiental hacia el techo. Usando un contorno en forma de C, la serie Tokyo crea un efecto \u00fanico. <\/span><\/p>\n<p><a class=\"bt-download\" href=\"https:\/\/lumpure.com\/\/wp-content\/uploads\/2022\/08\/TOKIO-Sandy-White.pdf\" target=\"_blank\" rel=\"noopener\"><img loading=\"lazy\" decoding=\"async\" class=\"alignnone wp-image-630\" src=\"https:\/\/lumpure.com\/\/wp-content\/uploads\/2022\/03\/descarga.png\" alt=\"\" width=\"24\" height=\"24\" \/>especificaciones<\/a> <a class=\"bt-instructions\" href=\"https:\/\/lumpure.com\/\/wp-content\/uploads\/2022\/08\/TOKIO-ITEM-5373-860RP.pdf\" target=\"_blank\" rel=\"noopener\"><img loading=\"lazy\" decoding=\"async\" class=\"alignnone wp-image-630\" src=\"https:\/\/lumpure.com\/\/wp-content\/uploads\/2022\/03\/descarga.png\" alt=\"\" width=\"24\" height=\"24\" \/>instrucciones<\/a><\/p>\n","protected":false},"featured_media":444,"template":"","meta":{"_joinchat":[]},"product_brand":[],"product_cat":[15],"product_tag":[],"class_list":{"0":"post-443","1":"product","2":"type-product","3":"status-publish","4":"has-post-thumbnail","6":"product_cat-uncategorized","8":"first","9":"instock","10":"taxable","11":"shipping-taxable","12":"product-type-simple"},"yoast_head":"<!-- This site is optimized with the Yoast SEO plugin v27.3 - https:\/\/yoast.com\/product\/yoast-seo-wordpress\/ -->\n<title>TOKIO (Blanco Arenado) &#187; Lumpure<\/title>\n<meta name=\"robots\" content=\"index, follow, max-snippet:-1, max-image-preview:large, max-video-preview:-1\" \/>\n<link rel=\"canonical\" href=\"https:\/\/lumpure.com\/es\/product\/tokio-blanco-arenado\/\" \/>\n<meta property=\"og:locale\" content=\"es_ES\" \/>\n<meta property=\"og:type\" content=\"article\" \/>\n<meta property=\"og:title\" content=\"TOKIO (Blanco Arenado) &#187; Lumpure\" \/>\n<meta property=\"og:description\" content=\"MODEL : TOKIO\u00a0  ITEM N\u00b0:\u00a0 5373-840RC-WH-3\u00a0  DESCRIPCION: Luminaria colgante LED circular,\u00a0 perfil de aluminio con una terminaci\u00f3n en Blanco\u00a0 mate y base de aluminio color blanco mate.\u00a0 El perfil circular suspendido emite una\u00a0 luz suave hacia abajo desde el difusor de silicona perimetral y al mismo tiempo dentro de la extrusi\u00f3n de aluminio hay un conjunto secundario de luces LED regulables que env\u00edan la iluminaci\u00f3n ambiental hacia el techo. Usando un contorno en forma de C, la serie Tokyo crea un efecto \u00fanico.   especificaciones instrucciones\" \/>\n<meta property=\"og:url\" content=\"https:\/\/lumpure.com\/es\/product\/tokio-blanco-arenado\/\" \/>\n<meta property=\"og:site_name\" content=\"Lumpure\" \/>\n<meta property=\"article:modified_time\" content=\"2022-08-26T17:00:44+00:00\" \/>\n<meta property=\"og:image\" content=\"https:\/\/lumpure.com\/wp-content\/uploads\/2021\/09\/tokio-sandy-white.jpg\" \/>\n\t<meta property=\"og:image:width\" content=\"1200\" \/>\n\t<meta property=\"og:image:height\" content=\"1200\" \/>\n\t<meta property=\"og:image:type\" content=\"image\/jpeg\" \/>\n<meta name=\"twitter:card\" content=\"summary_large_image\" \/>\n<meta name=\"twitter:label1\" content=\"Tiempo de lectura\" \/>\n\t<meta name=\"twitter:data1\" content=\"1 minuto\" \/>\n<script type=\"application\/ld+json\" class=\"yoast-schema-graph\">{\"@context\":\"https:\\\/\\\/schema.org\",\"@graph\":[{\"@type\":\"WebPage\",\"@id\":\"https:\\\/\\\/lumpure.com\\\/es\\\/product\\\/tokio-blanco-arenado\\\/\",\"url\":\"https:\\\/\\\/lumpure.com\\\/es\\\/product\\\/tokio-blanco-arenado\\\/\",\"name\":\"TOKIO (Blanco Arenado) &#187; Lumpure\",\"isPartOf\":{\"@id\":\"https:\\\/\\\/lumpure.com\\\/#website\"},\"primaryImageOfPage\":{\"@id\":\"https:\\\/\\\/lumpure.com\\\/es\\\/product\\\/tokio-blanco-arenado\\\/#primaryimage\"},\"image\":{\"@id\":\"https:\\\/\\\/lumpure.com\\\/es\\\/product\\\/tokio-blanco-arenado\\\/#primaryimage\"},\"thumbnailUrl\":\"https:\\\/\\\/lumpure.com\\\/wp-content\\\/uploads\\\/2021\\\/09\\\/tokio-sandy-white.jpg\",\"datePublished\":\"2021-09-20T16:02:20+00:00\",\"dateModified\":\"2022-08-26T17:00:44+00:00\",\"breadcrumb\":{\"@id\":\"https:\\\/\\\/lumpure.com\\\/es\\\/product\\\/tokio-blanco-arenado\\\/#breadcrumb\"},\"inLanguage\":\"es\",\"potentialAction\":[{\"@type\":\"ReadAction\",\"target\":[\"https:\\\/\\\/lumpure.com\\\/es\\\/product\\\/tokio-blanco-arenado\\\/\"]}]},{\"@type\":\"ImageObject\",\"inLanguage\":\"es\",\"@id\":\"https:\\\/\\\/lumpure.com\\\/es\\\/product\\\/tokio-blanco-arenado\\\/#primaryimage\",\"url\":\"https:\\\/\\\/lumpure.com\\\/wp-content\\\/uploads\\\/2021\\\/09\\\/tokio-sandy-white.jpg\",\"contentUrl\":\"https:\\\/\\\/lumpure.com\\\/wp-content\\\/uploads\\\/2021\\\/09\\\/tokio-sandy-white.jpg\",\"width\":1200,\"height\":1200},{\"@type\":\"BreadcrumbList\",\"@id\":\"https:\\\/\\\/lumpure.com\\\/es\\\/product\\\/tokio-blanco-arenado\\\/#breadcrumb\",\"itemListElement\":[{\"@type\":\"ListItem\",\"position\":1,\"name\":\"Home\",\"item\":\"https:\\\/\\\/lumpure.com\\\/es\\\/\"},{\"@type\":\"ListItem\",\"position\":2,\"name\":\"Tienda\",\"item\":\"https:\\\/\\\/lumpure.com\\\/es\\\/tienda\\\/\"},{\"@type\":\"ListItem\",\"position\":3,\"name\":\"TOKIO (Blanco Arenado)\"}]},{\"@type\":\"WebSite\",\"@id\":\"https:\\\/\\\/lumpure.com\\\/#website\",\"url\":\"https:\\\/\\\/lumpure.com\\\/\",\"name\":\"Lumpure\",\"description\":\"CONTEMPORARY LIGHTING PRODUCTS\",\"potentialAction\":[{\"@type\":\"SearchAction\",\"target\":{\"@type\":\"EntryPoint\",\"urlTemplate\":\"https:\\\/\\\/lumpure.com\\\/?s={search_term_string}\"},\"query-input\":{\"@type\":\"PropertyValueSpecification\",\"valueRequired\":true,\"valueName\":\"search_term_string\"}}],\"inLanguage\":\"es\"}]}<\/script>\n<!-- \/ Yoast SEO plugin. -->","yoast_head_json":{"title":"TOKIO (Blanco Arenado) &#187; Lumpure","robots":{"index":"index","follow":"follow","max-snippet":"max-snippet:-1","max-image-preview":"max-image-preview:large","max-video-preview":"max-video-preview:-1"},"canonical":"https:\/\/lumpure.com\/es\/product\/tokio-blanco-arenado\/","og_locale":"es_ES","og_type":"article","og_title":"TOKIO (Blanco Arenado) &#187; Lumpure","og_description":"MODEL : TOKIO\u00a0  ITEM N\u00b0:\u00a0 5373-840RC-WH-3\u00a0  DESCRIPCION: Luminaria colgante LED circular,\u00a0 perfil de aluminio con una terminaci\u00f3n en Blanco\u00a0 mate y base de aluminio color blanco mate.\u00a0 El perfil circular suspendido emite una\u00a0 luz suave hacia abajo desde el difusor de silicona perimetral y al mismo tiempo dentro de la extrusi\u00f3n de aluminio hay un conjunto secundario de luces LED regulables que env\u00edan la iluminaci\u00f3n ambiental hacia el techo. Usando un contorno en forma de C, la serie Tokyo crea un efecto \u00fanico.   especificaciones instrucciones","og_url":"https:\/\/lumpure.com\/es\/product\/tokio-blanco-arenado\/","og_site_name":"Lumpure","article_modified_time":"2022-08-26T17:00:44+00:00","og_image":[{"width":1200,"height":1200,"url":"https:\/\/lumpure.com\/wp-content\/uploads\/2021\/09\/tokio-sandy-white.jpg","type":"image\/jpeg"}],"twitter_card":"summary_large_image","twitter_misc":{"Tiempo de lectura":"1 minuto"},"schema":{"@context":"https:\/\/schema.org","@graph":[{"@type":"WebPage","@id":"https:\/\/lumpure.com\/es\/product\/tokio-blanco-arenado\/","url":"https:\/\/lumpure.com\/es\/product\/tokio-blanco-arenado\/","name":"TOKIO (Blanco Arenado) &#187; Lumpure","isPartOf":{"@id":"https:\/\/lumpure.com\/#website"},"primaryImageOfPage":{"@id":"https:\/\/lumpure.com\/es\/product\/tokio-blanco-arenado\/#primaryimage"},"image":{"@id":"https:\/\/lumpure.com\/es\/product\/tokio-blanco-arenado\/#primaryimage"},"thumbnailUrl":"https:\/\/lumpure.com\/wp-content\/uploads\/2021\/09\/tokio-sandy-white.jpg","datePublished":"2021-09-20T16:02:20+00:00","dateModified":"2022-08-26T17:00:44+00:00","breadcrumb":{"@id":"https:\/\/lumpure.com\/es\/product\/tokio-blanco-arenado\/#breadcrumb"},"inLanguage":"es","potentialAction":[{"@type":"ReadAction","target":["https:\/\/lumpure.com\/es\/product\/tokio-blanco-arenado\/"]}]},{"@type":"ImageObject","inLanguage":"es","@id":"https:\/\/lumpure.com\/es\/product\/tokio-blanco-arenado\/#primaryimage","url":"https:\/\/lumpure.com\/wp-content\/uploads\/2021\/09\/tokio-sandy-white.jpg","contentUrl":"https:\/\/lumpure.com\/wp-content\/uploads\/2021\/09\/tokio-sandy-white.jpg","width":1200,"height":1200},{"@type":"BreadcrumbList","@id":"https:\/\/lumpure.com\/es\/product\/tokio-blanco-arenado\/#breadcrumb","itemListElement":[{"@type":"ListItem","position":1,"name":"Home","item":"https:\/\/lumpure.com\/es\/"},{"@type":"ListItem","position":2,"name":"Tienda","item":"https:\/\/lumpure.com\/es\/tienda\/"},{"@type":"ListItem","position":3,"name":"TOKIO (Blanco Arenado)"}]},{"@type":"WebSite","@id":"https:\/\/lumpure.com\/#website","url":"https:\/\/lumpure.com\/","name":"Lumpure","description":"CONTEMPORARY LIGHTING PRODUCTS","potentialAction":[{"@type":"SearchAction","target":{"@type":"EntryPoint","urlTemplate":"https:\/\/lumpure.com\/?s={search_term_string}"},"query-input":{"@type":"PropertyValueSpecification","valueRequired":true,"valueName":"search_term_string"}}],"inLanguage":"es"}]}},"_links":{"self":[{"href":"https:\/\/lumpure.com\/es\/wp-json\/wp\/v2\/product\/443","targetHints":{"allow":["GET"]}}],"collection":[{"href":"https:\/\/lumpure.com\/es\/wp-json\/wp\/v2\/product"}],"about":[{"href":"https:\/\/lumpure.com\/es\/wp-json\/wp\/v2\/types\/product"}],"wp:featuredmedia":[{"embeddable":true,"href":"https:\/\/lumpure.com\/es\/wp-json\/wp\/v2\/media\/444"}],"wp:attachment":[{"href":"https:\/\/lumpure.com\/es\/wp-json\/wp\/v2\/media?parent=443"}],"wp:term":[{"taxonomy":"product_brand","embeddable":true,"href":"https:\/\/lumpure.com\/es\/wp-json\/wp\/v2\/product_brand?post=443"},{"taxonomy":"product_cat","embeddable":true,"href":"https:\/\/lumpure.com\/es\/wp-json\/wp\/v2\/product_cat?post=443"},{"taxonomy":"product_tag","embeddable":true,"href":"https:\/\/lumpure.com\/es\/wp-json\/wp\/v2\/product_tag?post=443"}],"curies":[{"name":"wp","href":"https:\/\/api.w.org\/{rel}","templated":true}]}}